{"id":626,"date":"2024-06-25T10:59:50","date_gmt":"2024-06-25T10:59:50","guid":{"rendered":"https:\/\/megamiatrading.com\/tasarim-yenileme\/"},"modified":"2024-09-23T12:01:00","modified_gmt":"2024-09-23T12:01:00","slug":"tasarim-yenileme","status":"publish","type":"page","link":"https:\/\/megamiatrading.com\/tr\/tasarim-yenileme\/","title":{"rendered":"TASARIM\/YENILEME"},"content":{"rendered":"<p>[vc_section el_id=&#8221;salecontainer&#8221;][vc_row css=&#8221;.vc_custom_1720684963447{margin-bottom: -50px !important;}&#8221; el_id=&#8221;salecontainer&#8221;][vc_column width=&#8221;1\/2&#8243;][vc_single_image image=&#8221;560&#8243; img_size=&#8221;full&#8221;][\/vc_column][vc_column width=&#8221;1\/2&#8243;][vc_column_text]<\/p>\n<div class=\"prop-cont\">\n<h3>Tasar\u0131m\/Yenileme<\/h3>\n<p>  Uzman Tasar\u0131m ve Renovasyon hizmetlerimizle m\u00fclk\u00fcn\u00fcz\u00fc hayalinizdeki eve d\u00f6n\u00fc\u015ft\u00fcr\u00fcn. Yetenekli mimarlar, tasar\u0131mc\u0131lar ve ustalardan olu\u015fan ekibimiz, tarz\u0131n\u0131z\u0131 yans\u0131tan ve ihtiya\u00e7lar\u0131n\u0131z\u0131 kar\u015f\u0131layan ki\u015fiselle\u015ftirilmi\u015f alanlar yaratma konusunda uzmanla\u015fm\u0131\u015ft\u0131r. \u0130ster komple bir ev yenileme, ister bir mutfak tadilat\u0131 veya basit bir g\u00fcncelleme planl\u0131yor olun, a\u015fa\u011f\u0131dakileri i\u00e7eren kapsaml\u0131 hizmetler sunuyoruz: <strong> \u00d6zel Tasar\u0131m: <\/strong> Vizyonunuza ve ya\u015fam tarz\u0131n\u0131za uygun \u00f6zel tasar\u0131m \u00e7\u00f6z\u00fcmleri. <strong> Yenileme Planlamas\u0131: <\/strong> Zaman\u0131nda ve b\u00fct\u00e7e dahilinde tamamlanmas\u0131n\u0131 sa\u011flamak i\u00e7in ayr\u0131nt\u0131l\u0131 proje planlamas\u0131 ve y\u00f6netimi. <strong> Kaliteli \u0130\u015f\u00e7ilik: <\/strong> Kal\u0131c\u0131 sonu\u00e7lar i\u00e7in y\u00fcksek kaliteli malzemeler ve yetenekli i\u015f\u00e7ilik. <strong> \u0130\u00e7 ve D\u0131\u015f Mekan: <\/strong> \u0130\u00e7 mekan d\u00fczenleri ve kaplamalar\u0131ndan d\u0131\u015f cephelere ve \u00e7evre d\u00fczenlemesine kadar. <strong> S\u00fcrd\u00fcr\u00fclebilir \u00c7\u00f6z\u00fcmler: <\/strong> Evinizi enerji tasarruflu ve s\u00fcrd\u00fcr\u00fclebilir k\u0131lmak i\u00e7in \u00e7evre dostu se\u00e7enekler.  &nbsp;<\/p>\n<\/div>\n<p>[\/vc_column_text][\/vc_column][vc_column css=&#8221;.vc_custom_1720684976161{margin-top: -60px !important;}&#8221; el_id=&#8221;salecontainer&#8221;][vc_column_text]\u00c7al\u0131\u015fmalar\u0131m\u0131zdan \u00f6rnekler g\u00f6rmek ve ilham almak i\u00e7in portf\u00f6y\u00fcm\u00fcze g\u00f6z at\u0131n. Yenileme projenizi g\u00f6r\u00fc\u015fmek ve m\u00fclk\u00fcn\u00fcz\u00fc sevece\u011finiz \u00e7arp\u0131c\u0131, i\u015flevsel bir alana d\u00f6n\u00fc\u015ft\u00fcrmek i\u00e7in bug\u00fcn bize ula\u015f\u0131n.[\/vc_column_text][\/vc_column][\/vc_row][vc_row css=&#8221;.vc_custom_1720684983268{margin-top: 50px !important;}&#8221; el_id=&#8221;salecontainer&#8221;][vc_column][vc_column_text]<\/p>\n<div class=\"prop-cont\">\n<h3 style=\"text-align: center;\">\u0130leti\u015fim Formu<\/h3>\n<p style=\"text-align: center;\">M\u00fclk\u00fcn\u00fcz\u00fc se\u00e7menize ve di\u011fer sorular\u0131n\u0131za yard\u0131mc\u0131 oluyoruz.<\/p>\n<\/div>\n<p>[\/vc_column_text][\/vc_column][\/vc_row][vc_row css=&#8221;.vc_custom_1723526481291{margin-right: 0px !important;margin-left: 0px !important;}&#8221;][vc_column el_class=&#8221;inner-contact-form1&#8243;]\n<div class=\"wpcf7 no-js\" id=\"wpcf7-f636-o1\" lang=\"tr-TR\" dir=\"ltr\" data-wpcf7-id=\"636\">\n<div class=\"screen-reader-response\"><p role=\"status\" aria-live=\"polite\" aria-atomic=\"true\"><\/p> <ul><\/ul><\/div>\n<form action=\"\/tr\/wp-json\/wp\/v2\/pages\/626#wpcf7-f636-o1\" method=\"post\" class=\"wpcf7-form init\" aria-label=\"\u0130leti\u015fim Formu\" novalidate=\"novalidate\" data-status=\"init\">\n<fieldset class=\"hidden-fields-container\"><input type=\"hidden\" name=\"_wpcf7\" value=\"636\" \/><input type=\"hidden\" name=\"_wpcf7_version\" value=\"6.1.5\" \/><input type=\"hidden\" name=\"_wpcf7_locale\" value=\"tr_TR\" \/><input type=\"hidden\" name=\"_wpcf7_unit_tag\" value=\"wpcf7-f636-o1\" \/><input type=\"hidden\" name=\"_wpcf7_container_post\" value=\"0\" \/><input type=\"hidden\" name=\"_wpcf7_posted_data_hash\" value=\"\" \/>\n<\/fieldset>\n<div>\n\t<div class=\"row\">\n\t\t<div class=\"col-lg-6 col-md-12 col-sm-12 col-xs-12\">\n\t\t\t<div class=\"form-group name\">\n\t\t\t\t<p><span class=\"wpcf7-form-control-wrap\" data-name=\"text-439\"><input size=\"40\" maxlength=\"400\" class=\"wpcf7-form-control wpcf7-text wpcf7-validates-as-required form-control\" aria-required=\"true\" aria-invalid=\"false\" placeholder=\"Ad\" value=\"\" type=\"text\" name=\"text-439\" \/><\/span>\n\t\t\t\t<\/p>\n\t\t\t<\/div>\n\t\t<\/div>\n\t\t<div class=\"col-lg-6 col-md-12 col-sm-12 col-xs-12\">\n\t\t\t<div class=\"form-group email\">\n\t\t\t\t<p><span class=\"wpcf7-form-control-wrap\" data-name=\"email-628\"><input size=\"40\" maxlength=\"400\" class=\"wpcf7-form-control wpcf7-email wpcf7-validates-as-required wpcf7-text wpcf7-validates-as-email form-control\" aria-required=\"true\" aria-invalid=\"false\" placeholder=\"E-posta\" value=\"\" type=\"email\" name=\"email-628\" \/><\/span>\n\t\t\t\t<\/p>\n\t\t\t<\/div>\n\t\t<\/div>\n\t\t<div class=\"col-lg-6 col-md-12 col-sm-12 col-xs-12\">\n\t\t\t<div class=\"form-group number\">\n\t\t\t\t<p><span class=\"wpcf7-form-control-wrap\" data-name=\"text-431\"><input size=\"40\" maxlength=\"400\" class=\"wpcf7-form-control wpcf7-text wpcf7-validates-as-required form-control\" aria-required=\"true\" aria-invalid=\"false\" placeholder=\"\u00dclke Kodu\" value=\"\" type=\"text\" name=\"text-431\" \/><\/span>\n\t\t\t\t<\/p>\n\t\t\t<\/div>\n\t\t<\/div>\n\t\t<div class=\"col-lg-6 col-md-12 col-sm-12 col-xs-12\">\n\t\t\t<div class=\"form-group subject\">\n\t\t\t\t<p><span class=\"wpcf7-form-control-wrap\" data-name=\"tel-925\"><input size=\"40\" maxlength=\"400\" class=\"wpcf7-form-control wpcf7-tel wpcf7-validates-as-required wpcf7-text wpcf7-validates-as-tel form-control\" aria-required=\"true\" aria-invalid=\"false\" placeholder=\"Telefon No\" value=\"\" type=\"tel\" name=\"tel-925\" \/><\/span>\n\t\t\t\t<\/p>\n\t\t\t<\/div>\n\t\t<\/div>\n\t\t<div class=\"col-lg-12 col-md-12 col-sm-12 col-xs-12\">\n\t\t\t<div class=\"form-group message\">\n\t\t\t\t<p><span class=\"wpcf7-form-control-wrap\" data-name=\"textarea-578\"><textarea cols=\"40\" rows=\"10\" maxlength=\"2000\" class=\"wpcf7-form-control wpcf7-textarea wpcf7-validates-as-required form-control\" aria-required=\"true\" aria-invalid=\"false\" placeholder=\"Bir Mesaj Yaz\u0131n\" name=\"textarea-578\"><\/textarea><\/span>\n\t\t\t\t<\/p>\n\t\t\t<\/div>\n\t\t<\/div>\n\t\t<div class=\"col-lg-6 col-md-12 col-sm-12 col-xs-12\">\n\t\t\t<div class=\"send-btn\">\n\t\t\t\t<p><input class=\"wpcf7-form-control wpcf7-submit has-spinner btn btn-md button-theme\" type=\"submit\" value=\"G\u00f6nder\" \/>\n\t\t\t\t<\/p>\n\t\t\t<\/div>\n\t\t<\/div>\n\t<\/div>\n<\/div><div class=\"wpcf7-response-output\" aria-hidden=\"true\"><\/div>\n<\/form>\n<\/div>\n[\/vc_column][\/vc_row][\/vc_section]<\/p>\n","protected":false},"excerpt":{"rendered":"<p>[vc_section el_id=&#8221;salecontainer&#8221;][vc_row css=&#8221;.vc_custom_1720684963447{margin-bottom: -50px !important;}&#8221; el_id=&#8221;salecontainer&#8221;][vc_column width=&#8221;1\/2&#8243;][vc_single_image image=&#8221;560&#8243; img_size=&#8221;full&#8221;][\/vc_column][vc_column width=&#8221;1\/2&#8243;][vc_column_text] Tasar\u0131m\/Yenileme Uzman Tasar\u0131m ve Renovasyon hizmetlerimizle m\u00fclk\u00fcn\u00fcz\u00fc hayalinizdeki eve d\u00f6n\u00fc\u015ft\u00fcr\u00fcn. Yetenekli mimarlar, tasar\u0131mc\u0131lar ve ustalardan olu\u015fan ekibimiz, tarz\u0131n\u0131z\u0131 yans\u0131tan ve ihtiya\u00e7lar\u0131n\u0131z\u0131 kar\u015f\u0131layan ki\u015fiselle\u015ftirilmi\u015f alanlar yaratma konusunda uzmanla\u015fm\u0131\u015ft\u0131r. \u0130ster komple bir ev yenileme, ister bir mutfak tadilat\u0131 veya basit bir g\u00fcncelleme planl\u0131yor olun, a\u015fa\u011f\u0131dakileri i\u00e7eren kapsaml\u0131&hellip; <a class=\"more-link\" href=\"https:\/\/megamiatrading.com\/tr\/tasarim-yenileme\/\">Okumaya devam et <span class=\"screen-reader-text\">TASARIM\/YENILEME<\/span><\/a><\/p>\n","protected":false},"author":1,"featured_media":0,"parent":0,"menu_order":0,"comment_status":"closed","ping_status":"closed","template":"design-renovations.php","meta":{"_acf_changed":false,"footnotes":""},"class_list":["post-626","page","type-page","status-publish","hentry","entry"],"acf":[],"_links":{"self":[{"href":"https:\/\/megamiatrading.com\/tr\/wp-json\/wp\/v2\/pages\/626","targetHints":{"allow":["GET"]}}],"collection":[{"href":"https:\/\/megamiatrading.com\/tr\/wp-json\/wp\/v2\/pages"}],"about":[{"href":"https:\/\/megamiatrading.com\/tr\/wp-json\/wp\/v2\/types\/page"}],"author":[{"embeddable":true,"href":"https:\/\/megamiatrading.com\/tr\/wp-json\/wp\/v2\/users\/1"}],"replies":[{"embeddable":true,"href":"https:\/\/megamiatrading.com\/tr\/wp-json\/wp\/v2\/comments?post=626"}],"version-history":[{"count":42,"href":"https:\/\/megamiatrading.com\/tr\/wp-json\/wp\/v2\/pages\/626\/revisions"}],"predecessor-version":[{"id":1181,"href":"https:\/\/megamiatrading.com\/tr\/wp-json\/wp\/v2\/pages\/626\/revisions\/1181"}],"wp:attachment":[{"href":"https:\/\/megamiatrading.com\/tr\/wp-json\/wp\/v2\/media?parent=626"}],"curies":[{"name":"wp","href":"https:\/\/api.w.org\/{rel}","templated":true}]}}