 {"id":619,"date":"2024-06-25T07:00:53","date_gmt":"2024-06-25T07:00:53","guid":{"rendered":"https:\/\/megamiatrading.com\/hakkimizda\/"},"modified":"2024-09-23T12:01:00","modified_gmt":"2024-09-23T12:01:00","slug":"hakkimizda","status":"publish","type":"page","link":"https:\/\/megamiatrading.com\/tr\/hakkimizda\/","title":{"rendered":"Hakk\u0131m\u0131zda"},"content":{"rendered":"<p>[vc_row][vc_column][vc_row_inner][vc_column_inner width=&#8221;5\/12&#8243;][vc_single_image image=&#8221;547&#8243; img_size=&#8221;full&#8221;][\/vc_column_inner][vc_column_inner width=&#8221;7\/12&#8243;][vc_column_text]<\/p>\n<div class=\"about-text1\">\n<h1 class=\"\"><span class=\"\"> Megamia Trading <\/span>&#8216;e Ho\u015f Geldiniz  <\/h1>\n<p>  Alsancak, Girne, Kuzey K\u0131br\u0131s&#8217;ta yeni kurulmu\u015f, iyi d\u00fczenlenmi\u015f, profesyonel ve modern bir imaja sahip, hem yerel hem de uluslararas\u0131 m\u00fc\u015fterilerin ihtiya\u00e7lar\u0131n\u0131 kar\u015f\u0131lamak i\u00e7in \u00f6zel olarak tasarlanm\u0131\u015f bir dizi hizmet sunan bir emlak acentesi. Ayr\u0131ca, birinci s\u0131n\u0131f ara\u00e7 se\u00e7eneklerini ola\u011fan\u00fcst\u00fc m\u00fc\u015fteri hizmetleri, modern tesisler ve g\u00fcvenilirlik ve kalite konusunda g\u00fc\u00e7l\u00fc bir itibarla birle\u015ftiren ba\u015far\u0131l\u0131 bir oto galerisiyiz.  <\/p><\/div>\n<p>[\/vc_column_text][\/vc_column_inner][\/vc_row_inner][\/vc_column][\/vc_row][vc_row css=&#8221;.vc_custom_1722339333576{padding-top: 50px !important;}&#8221;][vc_column][vc_column_text]<\/p>\n<div class=\"main-title\">\n<h1 style=\"text-align: center;\">Ne ar\u0131yorsunuz?<\/h1>\n<p style=\"text-align: center;\">Lorem ipsum dolor sit amet, consectetur adipisicing elit, sed do eiusmod<\/p>\n<\/div>\n<p>[\/vc_column_text][\/vc_column][\/vc_row][vc_row css=&#8221;.vc_custom_1722339396574{margin-top: 50px !important;margin-bottom: 50px !important;}&#8221;][vc_column width=&#8221;1\/4&#8243;][vc_single_image image=&#8221;554&#8243; alignment=&#8221;center&#8221;][vc_column_text]<\/p>\n<div class=\"service-info-5\">\n<h4>Apartmanlar<\/h4>\n<p>  Lorem ipsum dolor sit amet, consectur adipisicing elit, sed do eiusmod tempor incidunt  <\/p><\/div>\n<p>[\/vc_column_text][\/vc_column][vc_column width=&#8221;1\/4&#8243;][vc_single_image image=&#8221;553&#8243; alignment=&#8221;center&#8221;][vc_column_text]<\/p>\n<div class=\"service-info-5\">\n<h4>Evler<\/h4>\n<p>  Lorem ipsum dolor sit amet, consectur adipisicing elit, sed do eiusmod tempor incidunt  <\/p><\/div>\n<p>[\/vc_column_text][\/vc_column][vc_column width=&#8221;1\/4&#8243;][vc_single_image image=&#8221;552&#8243; alignment=&#8221;center&#8221;][vc_column_text]<\/p>\n<div class=\"service-info-5\">\n<h4>Garajlar<\/h4>\n<p>  Lorem ipsum dolor sit amet, consectur adipisicing elit, sed do eiusmod tempor incidunt  <\/p><\/div>\n<p>[\/vc_column_text][\/vc_column][vc_column width=&#8221;1\/4&#8243;][vc_single_image image=&#8221;551&#8243; alignment=&#8221;center&#8221;][vc_column_text]<\/p>\n<div class=\"service-info-5\">\n<h4>Ticari<\/h4>\n<p>  Lorem ipsum dolor sit amet, consectur adipisicing elit, sed do eiusmod tempor incidunt  <\/p><\/div>\n<p>[\/vc_column_text][\/vc_column][\/vc_row][vc_row css=&#8221;.vc_custom_1722339622460{margin-top: 50px !important;margin-right: 0px !important;margin-bottom: 50px !important;margin-left: 0px !important;}&#8221;][vc_column width=&#8221;5\/12&#8243;][vc_single_image image=&#8221;555&#8243; img_size=&#8221;full&#8221; alignment=&#8221;center&#8221;][\/vc_column][vc_column width=&#8221;7\/12&#8243;][vc_column_text css=&#8221;.vc_custom_1719300493926{padding-top: 20px !important;}&#8221;]<\/p>\n<div class=\"about-text\">\n<h3>Neden Bizi Se\u00e7melisiniz?<\/h3>\n<p>  Lorem ipsum dolor sit amet consectetur adipisicing elit. Asperiores veritatis molestiae cumque et reiciendis quidem. Soluta sapiente quia sequi incidunt. Consectetur molestiae maiores id voluptate ea ut, deserunt dolorum hic.  <\/p>\n<p class=\"mb-0\">Lorem ipsum dolor sit amet consectetur adipisicing elit. Ullam dolorum earum nam amet beatae dolorem porro. Repudiandae, dolor eius blanditiis similique, aliquam doloribus cumque quibusdam enim hic praesentium explicabo molestiae.<\/p>\n<\/div>\n<p>[\/vc_column_text][\/vc_column][\/vc_row]<\/p>\n","protected":false},"excerpt":{"rendered":"<p>[vc_row][vc_column][vc_row_inner][vc_column_inner width=&#8221;5\/12&#8243;][vc_single_image image=&#8221;547&#8243; img_size=&#8221;full&#8221;][\/vc_column_inner][vc_column_inner width=&#8221;7\/12&#8243;][vc_column_text] Megamia Trading &#8216;e Ho\u015f Geldiniz Alsancak, Girne, Kuzey K\u0131br\u0131s&#8217;ta yeni kurulmu\u015f, iyi d\u00fczenlenmi\u015f, profesyonel ve modern bir imaja sahip, hem yerel hem de uluslararas\u0131 m\u00fc\u015fterilerin ihtiya\u00e7lar\u0131n\u0131 kar\u015f\u0131lamak i\u00e7in \u00f6zel olarak tasarlanm\u0131\u015f bir dizi hizmet sunan bir emlak acentesi. Ayr\u0131ca, birinci s\u0131n\u0131f ara\u00e7 se\u00e7eneklerini ola\u011fan\u00fcst\u00fc m\u00fc\u015fteri hizmetleri, modern tesisler ve g\u00fcvenilirlik&hellip; <a class=\"more-link\" href=\"https:\/\/megamiatrading.com\/tr\/hakkimizda\/\">Okumaya devam et <span class=\"screen-reader-text\">Hakk\u0131m\u0131zda<\/span><\/a><\/p>\n","protected":false},"author":1,"featured_media":0,"parent":0,"menu_order":0,"comment_status":"closed","ping_status":"closed","template":"","meta":{"_acf_changed":false,"footnotes":""},"class_list":["post-619","page","type-page","status-publish","hentry","entry"],"acf":[],"_links":{"self":[{"href":"https:\/\/megamiatrading.com\/tr\/wp-json\/wp\/v2\/pages\/619","targetHints":{"allow":["GET"]}}],"collection":[{"href":"https:\/\/megamiatrading.com\/tr\/wp-json\/wp\/v2\/pages"}],"about":[{"href":"https:\/\/megamiatrading.com\/tr\/wp-json\/wp\/v2\/types\/page"}],"author":[{"embeddable":true,"href":"https:\/\/megamiatrading.com\/tr\/wp-json\/wp\/v2\/users\/1"}],"replies":[{"embeddable":true,"href":"https:\/\/megamiatrading.com\/tr\/wp-json\/wp\/v2\/comments?post=619"}],"version-history":[{"count":45,"href":"https:\/\/megamiatrading.com\/tr\/wp-json\/wp\/v2\/pages\/619\/revisions"}],"predecessor-version":[{"id":1183,"href":"https:\/\/megamiatrading.com\/tr\/wp-json\/wp\/v2\/pages\/619\/revisions\/1183"}],"wp:attachment":[{"href":"https:\/\/megamiatrading.com\/tr\/wp-json\/wp\/v2\/media?parent=619"}],"curies":[{"name":"wp","href":"https:\/\/api.w.org\/{rel}","templated":true}]}}