 {"id":612,"date":"2024-06-25T11:33:47","date_gmt":"2024-06-25T11:33:47","guid":{"rendered":"https:\/\/megamiatrading.com\/mulk-yonetimi\/"},"modified":"2024-09-23T12:01:00","modified_gmt":"2024-09-23T12:01:00","slug":"mulk-yonetimi","status":"publish","type":"page","link":"https:\/\/megamiatrading.com\/tr\/mulk-yonetimi\/","title":{"rendered":"M\u00dcLK Y\u00d6NETI\u0307MI\u0307"},"content":{"rendered":"<p>[vc_section][vc_row css=&#8221;.vc_custom_1720685117702{margin-bottom: -50px !important;}&#8221; el_id=&#8221;salecontainer&#8221;][vc_column width=&#8221;1\/2&#8243;][vc_single_image image=&#8221;560&#8243; img_size=&#8221;full&#8221;][\/vc_column][vc_column width=&#8221;1\/2&#8243;][vc_column_text]<\/p>\n<div class=\"prop-cont\">\n<h3>M\u00fclk Y\u00f6netimi<\/h3>\n<p>  Kapsaml\u0131 M\u00fclk Y\u00f6netimi hizmetlerimizle gayrimenkul yat\u0131r\u0131m\u0131n\u0131z\u0131n de\u011ferini ve verimlili\u011fini en \u00fcst d\u00fczeye \u00e7\u0131kar\u0131n. \u00d6zel ekibimiz, m\u00fclk\u00fcn\u00fcz\u00fc y\u00f6netmenin t\u00fcm y\u00f6nlerini ele alarak g\u00f6n\u00fcl rahatl\u0131\u011f\u0131 sa\u011flar ve sorunsuz bir kiralama deneyimi sa\u011flar. Hizmetlerimiz \u015funlar\u0131 i\u00e7erir:  <strong>  Kirac\u0131 Y\u00f6netimi:  <\/strong><\/p>\n<div class=\"pera-list\">\n<p><i class=\"fa fa-long-arrow-right\"><\/i>  Y\u00fcksek kaliteli kirac\u0131lar\u0131 \u00e7ekmek i\u00e7in m\u00fclk\u00fcn\u00fcz\u00fc pazarlama ve reklam\u0131n\u0131 yapma.  <i class=\"fa fa-long-arrow-right\"><\/i>  Ge\u00e7mi\u015f kontrolleri ve referanslar da dahil olmak \u00fczere kapsaml\u0131 kirac\u0131 taramalar\u0131n\u0131n yap\u0131lmas\u0131.  <i class=\"fa fa-long-arrow-right\"><\/i>  Kira s\u00f6zle\u015fmelerinin ve yenilemelerinin y\u00f6netilmesi.  <i class=\"fa fa-long-arrow-right\"><\/i>  Kirac\u0131 ileti\u015fimlerinin ele al\u0131nmas\u0131 ve endi\u015felerin derhal giderilmesi.  <\/div>\n<p>&nbsp;<\/p>\n<\/div>\n<p>[\/vc_column_text][\/vc_column][vc_column css=&#8221;.vc_custom_1720685125549{margin-top: -40px !important;}&#8221; el_id=&#8221;salecontainer&#8221;][vc_column_text]<\/p>\n<div class=\"prop-cont\">\n<div class=\"pera-list\">\n<p>&nbsp;<\/p>\n<\/div>\n<p><strong>  Kira Tahsilat\u0131:  <\/strong><\/p>\n<div class=\"pera-list\">\n<p><i class=\"fa fa-long-arrow-right\"><\/i>  Verimli kira tahsilat\u0131 ve muhasebesi.  <i class=\"fa fa-long-arrow-right\"><\/i>  Detayl\u0131 finansal raporlama ve tablolar.  <i class=\"fa fa-long-arrow-right\"><\/i>  \u00d6demelerin zaman\u0131nda yap\u0131lmas\u0131n\u0131 sa\u011flamak ve gecikme \u00fccretlerini y\u00f6netmek.  <\/div>\n<p><strong>  M\u00fclk Bak\u0131m\u0131:  <\/strong><\/p>\n<div class=\"pera-list\">\n<p><i class=\"fa fa-long-arrow-right\"><\/i>  D\u00fczenli m\u00fclk denetimleri ve bak\u0131m\u0131.  <i class=\"fa fa-long-arrow-right\"><\/i>  G\u00fcvenilir y\u00fcklenicilerle onar\u0131m ve bak\u0131m\u0131n koordine edilmesi.  <i class=\"fa fa-long-arrow-right\"><\/i>  Acil bak\u0131m hizmetleri 7\/24 mevcuttur.  <\/div>\n<p><strong>  Yasal Uygunluk:  <\/strong><\/p>\n<div class=\"pera-list\">\n<p><i class=\"fa fa-long-arrow-right\"><\/i>  M\u00fclk\u00fcn\u00fcz\u00fcn yerel kiralama yasa ve y\u00f6netmeliklerine uygun olmas\u0131n\u0131 sa\u011flamak.  <i class=\"fa fa-long-arrow-right\"><\/i>  Gerekirse tahliye i\u015flemlerinin y\u00fcr\u00fct\u00fclmesi.  <i class=\"fa fa-long-arrow-right\"><\/i>  M\u00fclk y\u00f6netimi yasalar\u0131ndaki de\u011fi\u015fiklikleri g\u00fcncel tutmak.  <\/div>\n<p><strong>  Getirileri En \u00dcst D\u00fczeye \u00c7\u0131karma:  <\/strong><\/p>\n<div class=\"pera-list\">\n<p><i class=\"fa fa-long-arrow-right\"><\/i>  Kira gelirini art\u0131rmak i\u00e7in m\u00fclk iyile\u015ftirmeleri konusunda dan\u0131\u015fmanl\u0131k.  <i class=\"fa fa-long-arrow-right\"><\/i>  Rekabet\u00e7i kira oranlar\u0131 belirlemek i\u00e7in piyasa analizi yapmak.  <i class=\"fa fa-long-arrow-right\"><\/i>  Proaktif kirac\u0131 tutma stratejileri ile bo\u015falan kiralar\u0131n en aza indirilmesi.  <\/div>\n<p>  Kiral\u0131k m\u00fclk\u00fcn\u00fcz\u00fcn g\u00fcnl\u00fck y\u00f6netimini bize b\u0131rak\u0131n, b\u00f6ylece stres olmadan yat\u0131r\u0131m\u0131n\u0131z\u0131n avantajlar\u0131ndan yararlanabilirsiniz. \u00d6zelle\u015ftirilmi\u015f m\u00fclk y\u00f6netimi \u00e7\u00f6z\u00fcmlerimiz ve gayrimenkul hedeflerinize ula\u015fman\u0131za nas\u0131l yard\u0131mc\u0131 olabilece\u011fimiz hakk\u0131nda daha fazla bilgi edinmek i\u00e7in bug\u00fcn bize ula\u015f\u0131n.  <\/p><\/div>\n<p>[\/vc_column_text][\/vc_column][\/vc_row][vc_row css=&#8221;.vc_custom_1720685134800{margin-top: 50px !important;}&#8221; el_id=&#8221;salecontainer&#8221;][vc_column][vc_column_text]<\/p>\n<div class=\"prop-cont\">\n<h3 style=\"text-align: center;\">\u0130leti\u015fim Formu<\/h3>\n<p style=\"text-align: center;\">M\u00fclk\u00fcn\u00fcz\u00fc se\u00e7menize ve di\u011fer sorular\u0131n\u0131za yard\u0131mc\u0131 oluyoruz.<\/p>\n<\/div>\n<p>[\/vc_column_text][\/vc_column][\/vc_row][vc_row css=&#8221;.vc_custom_1720685144268{margin-right: 90px !important;margin-left: 90px !important;}&#8221; el_id=&#8221;salecontainer&#8221;][vc_column]\n<div class=\"wpcf7 no-js\" id=\"wpcf7-f636-o1\" lang=\"tr-TR\" dir=\"ltr\" data-wpcf7-id=\"636\">\n<div class=\"screen-reader-response\"><p role=\"status\" aria-live=\"polite\" aria-atomic=\"true\"><\/p> <ul><\/ul><\/div>\n<form action=\"\/tr\/wp-json\/wp\/v2\/pages\/612#wpcf7-f636-o1\" method=\"post\" class=\"wpcf7-form init\" aria-label=\"\u0130leti\u015fim Formu\" novalidate=\"novalidate\" data-status=\"init\">\n<fieldset class=\"hidden-fields-container\"><input type=\"hidden\" name=\"_wpcf7\" value=\"636\" \/><input type=\"hidden\" name=\"_wpcf7_version\" value=\"6.1.5\" \/><input type=\"hidden\" name=\"_wpcf7_locale\" value=\"tr_TR\" \/><input type=\"hidden\" name=\"_wpcf7_unit_tag\" value=\"wpcf7-f636-o1\" \/><input type=\"hidden\" name=\"_wpcf7_container_post\" value=\"0\" \/><input type=\"hidden\" name=\"_wpcf7_posted_data_hash\" value=\"\" \/>\n<\/fieldset>\n<div>\n\t<div class=\"row\">\n\t\t<div class=\"col-lg-6 col-md-12 col-sm-12 col-xs-12\">\n\t\t\t<div class=\"form-group name\">\n\t\t\t\t<p><span class=\"wpcf7-form-control-wrap\" data-name=\"text-439\"><input size=\"40\" maxlength=\"400\" class=\"wpcf7-form-control wpcf7-text wpcf7-validates-as-required form-control\" aria-required=\"true\" aria-invalid=\"false\" placeholder=\"Ad\" value=\"\" type=\"text\" name=\"text-439\" \/><\/span>\n\t\t\t\t<\/p>\n\t\t\t<\/div>\n\t\t<\/div>\n\t\t<div class=\"col-lg-6 col-md-12 col-sm-12 col-xs-12\">\n\t\t\t<div class=\"form-group email\">\n\t\t\t\t<p><span class=\"wpcf7-form-control-wrap\" data-name=\"email-628\"><input size=\"40\" maxlength=\"400\" class=\"wpcf7-form-control wpcf7-email wpcf7-validates-as-required wpcf7-text wpcf7-validates-as-email form-control\" aria-required=\"true\" aria-invalid=\"false\" placeholder=\"E-posta\" value=\"\" type=\"email\" name=\"email-628\" \/><\/span>\n\t\t\t\t<\/p>\n\t\t\t<\/div>\n\t\t<\/div>\n\t\t<div class=\"col-lg-6 col-md-12 col-sm-12 col-xs-12\">\n\t\t\t<div class=\"form-group number\">\n\t\t\t\t<p><span class=\"wpcf7-form-control-wrap\" data-name=\"text-431\"><input size=\"40\" maxlength=\"400\" class=\"wpcf7-form-control wpcf7-text wpcf7-validates-as-required form-control\" aria-required=\"true\" aria-invalid=\"false\" placeholder=\"\u00dclke Kodu\" value=\"\" type=\"text\" name=\"text-431\" \/><\/span>\n\t\t\t\t<\/p>\n\t\t\t<\/div>\n\t\t<\/div>\n\t\t<div class=\"col-lg-6 col-md-12 col-sm-12 col-xs-12\">\n\t\t\t<div class=\"form-group subject\">\n\t\t\t\t<p><span class=\"wpcf7-form-control-wrap\" data-name=\"tel-925\"><input size=\"40\" maxlength=\"400\" class=\"wpcf7-form-control wpcf7-tel wpcf7-validates-as-required wpcf7-text wpcf7-validates-as-tel form-control\" aria-required=\"true\" aria-invalid=\"false\" placeholder=\"Telefon No\" value=\"\" type=\"tel\" name=\"tel-925\" \/><\/span>\n\t\t\t\t<\/p>\n\t\t\t<\/div>\n\t\t<\/div>\n\t\t<div class=\"col-lg-12 col-md-12 col-sm-12 col-xs-12\">\n\t\t\t<div class=\"form-group message\">\n\t\t\t\t<p><span class=\"wpcf7-form-control-wrap\" data-name=\"textarea-578\"><textarea cols=\"40\" rows=\"10\" maxlength=\"2000\" class=\"wpcf7-form-control wpcf7-textarea wpcf7-validates-as-required form-control\" aria-required=\"true\" aria-invalid=\"false\" placeholder=\"Bir Mesaj Yaz\u0131n\" name=\"textarea-578\"><\/textarea><\/span>\n\t\t\t\t<\/p>\n\t\t\t<\/div>\n\t\t<\/div>\n\t\t<div class=\"col-lg-6 col-md-12 col-sm-12 col-xs-12\">\n\t\t\t<div class=\"send-btn\">\n\t\t\t\t<p><input class=\"wpcf7-form-control wpcf7-submit has-spinner btn btn-md button-theme\" type=\"submit\" value=\"G\u00f6nder\" \/>\n\t\t\t\t<\/p>\n\t\t\t<\/div>\n\t\t<\/div>\n\t<\/div>\n<\/div><div class=\"wpcf7-response-output\" aria-hidden=\"true\"><\/div>\n<\/form>\n<\/div>\n[\/vc_column][\/vc_row][\/vc_section][vc_row][vc_column][vc_row_inner][vc_column_inner width=&#8221;1\/2&#8243;][vc_single_image image=&#8221;560&#8243; img_size=&#8221;full&#8221;][\/vc_column_inner][vc_column_inner width=&#8221;1\/2&#8243;][vc_column_text]<\/p>\n<div class=\"prop-cont\">\n<h3>M\u00fclk Y\u00f6netimi<\/h3>\n<p>  Kapsaml\u0131 M\u00fclk Y\u00f6netimi hizmetlerimizle gayrimenkul yat\u0131r\u0131m\u0131n\u0131z\u0131n de\u011ferini ve verimlili\u011fini en \u00fcst d\u00fczeye \u00e7\u0131kar\u0131n. \u00d6zel ekibimiz, m\u00fclk\u00fcn\u00fcz\u00fc y\u00f6netmenin t\u00fcm y\u00f6nlerini ele alarak g\u00f6n\u00fcl rahatl\u0131\u011f\u0131 sa\u011flar ve sorunsuz bir kiralama deneyimi sa\u011flar. Hizmetlerimiz \u015funlar\u0131 i\u00e7erir:  <strong>  Kirac\u0131 Y\u00f6netimi:  <\/strong><\/p>\n<div class=\"pera-list\">\n<p><i class=\"fa fa-long-arrow-right\"><\/i>  Y\u00fcksek kaliteli kirac\u0131lar\u0131 \u00e7ekmek i\u00e7in m\u00fclk\u00fcn\u00fcz\u00fc pazarlama ve reklam\u0131n\u0131 yapma.  <i class=\"fa fa-long-arrow-right\"><\/i>  Ge\u00e7mi\u015f kontrolleri ve referanslar da dahil olmak \u00fczere kapsaml\u0131 kirac\u0131 taramalar\u0131n\u0131n yap\u0131lmas\u0131.  <i class=\"fa fa-long-arrow-right\"><\/i>  Kira s\u00f6zle\u015fmelerinin ve yenilemelerinin y\u00f6netilmesi.  <i class=\"fa fa-long-arrow-right\"><\/i>  Kirac\u0131 ileti\u015fimlerinin ele al\u0131nmas\u0131 ve endi\u015felerin derhal giderilmesi.  <\/div>\n<p>&nbsp;<\/p>\n<\/div>\n<p>[\/vc_column_text][\/vc_column_inner][\/vc_row_inner][\/vc_column][\/vc_row][vc_row][vc_column][vc_column_text]<\/p>\n<div class=\"prop-cont\">\n<div class=\"pera-list\">\n<p>&nbsp;<\/p>\n<\/div>\n<p><strong>  Kira Tahsilat\u0131:  <\/strong><\/p>\n<div class=\"pera-list\">\n<p><i class=\"fa fa-long-arrow-right\"><\/i>  Verimli kira tahsilat\u0131 ve muhasebesi.  <i class=\"fa fa-long-arrow-right\"><\/i>  Detayl\u0131 finansal raporlama ve tablolar.  <i class=\"fa fa-long-arrow-right\"><\/i>  \u00d6demelerin zaman\u0131nda yap\u0131lmas\u0131n\u0131 sa\u011flamak ve gecikme \u00fccretlerini y\u00f6netmek.  <\/div>\n<p><strong>  M\u00fclk Bak\u0131m\u0131:  <\/strong><\/p>\n<div class=\"pera-list\">\n<p><i class=\"fa fa-long-arrow-right\"><\/i>  D\u00fczenli m\u00fclk denetimleri ve bak\u0131m\u0131.  <i class=\"fa fa-long-arrow-right\"><\/i>  G\u00fcvenilir y\u00fcklenicilerle onar\u0131m ve bak\u0131m\u0131n koordine edilmesi.  <i class=\"fa fa-long-arrow-right\"><\/i>  Acil bak\u0131m hizmetleri 7\/24 mevcuttur.  <\/div>\n<p><strong>  Yasal Uygunluk:  <\/strong><\/p>\n<div class=\"pera-list\">\n<p><i class=\"fa fa-long-arrow-right\"><\/i>  M\u00fclk\u00fcn\u00fcz\u00fcn yerel kiralama yasa ve y\u00f6netmeliklerine uygun olmas\u0131n\u0131 sa\u011flamak.  <i class=\"fa fa-long-arrow-right\"><\/i>  Gerekirse tahliye i\u015flemlerinin y\u00fcr\u00fct\u00fclmesi.  <i class=\"fa fa-long-arrow-right\"><\/i>  M\u00fclk y\u00f6netimi yasalar\u0131ndaki de\u011fi\u015fiklikleri g\u00fcncel tutmak.  <\/div>\n<p><strong>  Getirileri En \u00dcst D\u00fczeye \u00c7\u0131karma:  <\/strong><\/p>\n<div class=\"pera-list\">\n<p><i class=\"fa fa-long-arrow-right\"><\/i>  Kira gelirini art\u0131rmak i\u00e7in m\u00fclk iyile\u015ftirmeleri konusunda dan\u0131\u015fmanl\u0131k.  <i class=\"fa fa-long-arrow-right\"><\/i>  Rekabet\u00e7i kira oranlar\u0131 belirlemek i\u00e7in piyasa analizi yapmak.  <i class=\"fa fa-long-arrow-right\"><\/i>  Proaktif kirac\u0131 tutma stratejileri ile bo\u015falan kiralar\u0131n en aza indirilmesi.  <\/div>\n<p>  Kiral\u0131k m\u00fclk\u00fcn\u00fcz\u00fcn g\u00fcnl\u00fck y\u00f6netimini bize b\u0131rak\u0131n, b\u00f6ylece stres olmadan yat\u0131r\u0131m\u0131n\u0131z\u0131n avantajlar\u0131ndan yararlanabilirsiniz. \u00d6zelle\u015ftirilmi\u015f m\u00fclk y\u00f6netimi \u00e7\u00f6z\u00fcmlerimiz ve gayrimenkul hedeflerinize ula\u015fman\u0131za nas\u0131l yard\u0131mc\u0131 olabilece\u011fimiz hakk\u0131nda daha fazla bilgi edinmek i\u00e7in bug\u00fcn bize ula\u015f\u0131n.  <\/p><\/div>\n<p>[\/vc_column_text][\/vc_column][\/vc_row][vc_row][vc_column][vc_column_text]<\/p>\n<div class=\"prop-cont\">\n<h3 style=\"text-align: center;\">\u0130leti\u015fim Formu<\/h3>\n<p style=\"text-align: center;\">M\u00fclk\u00fcn\u00fcz\u00fc se\u00e7menize ve di\u011fer sorular\u0131n\u0131za yard\u0131mc\u0131 oluyoruz.<\/p>\n<\/div>\n<p>[\/vc_column_text]\n<div class=\"wpcf7 no-js\" id=\"wpcf7-f636-o2\" lang=\"tr-TR\" dir=\"ltr\" data-wpcf7-id=\"636\">\n<div class=\"screen-reader-response\"><p role=\"status\" aria-live=\"polite\" aria-atomic=\"true\"><\/p> <ul><\/ul><\/div>\n<form action=\"\/tr\/wp-json\/wp\/v2\/pages\/612#wpcf7-f636-o2\" method=\"post\" class=\"wpcf7-form init\" aria-label=\"\u0130leti\u015fim Formu\" novalidate=\"novalidate\" data-status=\"init\">\n<fieldset class=\"hidden-fields-container\"><input type=\"hidden\" name=\"_wpcf7\" value=\"636\" \/><input type=\"hidden\" name=\"_wpcf7_version\" value=\"6.1.5\" \/><input type=\"hidden\" name=\"_wpcf7_locale\" value=\"tr_TR\" \/><input type=\"hidden\" name=\"_wpcf7_unit_tag\" value=\"wpcf7-f636-o2\" \/><input type=\"hidden\" name=\"_wpcf7_container_post\" value=\"0\" \/><input type=\"hidden\" name=\"_wpcf7_posted_data_hash\" value=\"\" \/>\n<\/fieldset>\n<div>\n\t<div class=\"row\">\n\t\t<div class=\"col-lg-6 col-md-12 col-sm-12 col-xs-12\">\n\t\t\t<div class=\"form-group name\">\n\t\t\t\t<p><span class=\"wpcf7-form-control-wrap\" data-name=\"text-439\"><input size=\"40\" maxlength=\"400\" class=\"wpcf7-form-control wpcf7-text wpcf7-validates-as-required form-control\" aria-required=\"true\" aria-invalid=\"false\" placeholder=\"Ad\" value=\"\" type=\"text\" name=\"text-439\" \/><\/span>\n\t\t\t\t<\/p>\n\t\t\t<\/div>\n\t\t<\/div>\n\t\t<div class=\"col-lg-6 col-md-12 col-sm-12 col-xs-12\">\n\t\t\t<div class=\"form-group email\">\n\t\t\t\t<p><span class=\"wpcf7-form-control-wrap\" data-name=\"email-628\"><input size=\"40\" maxlength=\"400\" class=\"wpcf7-form-control wpcf7-email wpcf7-validates-as-required wpcf7-text wpcf7-validates-as-email form-control\" aria-required=\"true\" aria-invalid=\"false\" placeholder=\"E-posta\" value=\"\" type=\"email\" name=\"email-628\" \/><\/span>\n\t\t\t\t<\/p>\n\t\t\t<\/div>\n\t\t<\/div>\n\t\t<div class=\"col-lg-6 col-md-12 col-sm-12 col-xs-12\">\n\t\t\t<div class=\"form-group number\">\n\t\t\t\t<p><span class=\"wpcf7-form-control-wrap\" data-name=\"text-431\"><input size=\"40\" maxlength=\"400\" class=\"wpcf7-form-control wpcf7-text wpcf7-validates-as-required form-control\" aria-required=\"true\" aria-invalid=\"false\" placeholder=\"\u00dclke Kodu\" value=\"\" type=\"text\" name=\"text-431\" \/><\/span>\n\t\t\t\t<\/p>\n\t\t\t<\/div>\n\t\t<\/div>\n\t\t<div class=\"col-lg-6 col-md-12 col-sm-12 col-xs-12\">\n\t\t\t<div class=\"form-group subject\">\n\t\t\t\t<p><span class=\"wpcf7-form-control-wrap\" data-name=\"tel-925\"><input size=\"40\" maxlength=\"400\" class=\"wpcf7-form-control wpcf7-tel wpcf7-validates-as-required wpcf7-text wpcf7-validates-as-tel form-control\" aria-required=\"true\" aria-invalid=\"false\" placeholder=\"Telefon No\" value=\"\" type=\"tel\" name=\"tel-925\" \/><\/span>\n\t\t\t\t<\/p>\n\t\t\t<\/div>\n\t\t<\/div>\n\t\t<div class=\"col-lg-12 col-md-12 col-sm-12 col-xs-12\">\n\t\t\t<div class=\"form-group message\">\n\t\t\t\t<p><span class=\"wpcf7-form-control-wrap\" data-name=\"textarea-578\"><textarea cols=\"40\" rows=\"10\" maxlength=\"2000\" class=\"wpcf7-form-control wpcf7-textarea wpcf7-validates-as-required form-control\" aria-required=\"true\" aria-invalid=\"false\" placeholder=\"Bir Mesaj Yaz\u0131n\" name=\"textarea-578\"><\/textarea><\/span>\n\t\t\t\t<\/p>\n\t\t\t<\/div>\n\t\t<\/div>\n\t\t<div class=\"col-lg-6 col-md-12 col-sm-12 col-xs-12\">\n\t\t\t<div class=\"send-btn\">\n\t\t\t\t<p><input class=\"wpcf7-form-control wpcf7-submit has-spinner btn btn-md button-theme\" type=\"submit\" value=\"G\u00f6nder\" \/>\n\t\t\t\t<\/p>\n\t\t\t<\/div>\n\t\t<\/div>\n\t<\/div>\n<\/div><div class=\"wpcf7-response-output\" aria-hidden=\"true\"><\/div>\n<\/form>\n<\/div>\n[\/vc_column][\/vc_row]<\/p>\n","protected":false},"excerpt":{"rendered":"<p>[vc_section][vc_row css=&#8221;.vc_custom_1720685117702{margin-bottom: -50px !important;}&#8221; el_id=&#8221;salecontainer&#8221;][vc_column width=&#8221;1\/2&#8243;][vc_single_image image=&#8221;560&#8243; img_size=&#8221;full&#8221;][\/vc_column][vc_column width=&#8221;1\/2&#8243;][vc_column_text] M\u00fclk Y\u00f6netimi Kapsaml\u0131 M\u00fclk Y\u00f6netimi hizmetlerimizle gayrimenkul yat\u0131r\u0131m\u0131n\u0131z\u0131n de\u011ferini ve verimlili\u011fini en \u00fcst d\u00fczeye \u00e7\u0131kar\u0131n. \u00d6zel ekibimiz, m\u00fclk\u00fcn\u00fcz\u00fc y\u00f6netmenin t\u00fcm y\u00f6nlerini ele alarak g\u00f6n\u00fcl rahatl\u0131\u011f\u0131 sa\u011flar ve sorunsuz bir kiralama deneyimi sa\u011flar. Hizmetlerimiz \u015funlar\u0131 i\u00e7erir: Kirac\u0131 Y\u00f6netimi: Y\u00fcksek kaliteli kirac\u0131lar\u0131 \u00e7ekmek i\u00e7in m\u00fclk\u00fcn\u00fcz\u00fc pazarlama ve reklam\u0131n\u0131&hellip; <a class=\"more-link\" href=\"https:\/\/megamiatrading.com\/tr\/mulk-yonetimi\/\">Okumaya devam et <span class=\"screen-reader-text\">M\u00dcLK Y\u00d6NETI\u0307MI\u0307<\/span><\/a><\/p>\n","protected":false},"author":1,"featured_media":0,"parent":0,"menu_order":0,"comment_status":"closed","ping_status":"closed","template":"property-management.php","meta":{"_acf_changed":false,"footnotes":""},"class_list":["post-612","page","type-page","status-publish","hentry","entry"],"acf":[],"_links":{"self":[{"href":"https:\/\/megamiatrading.com\/tr\/wp-json\/wp\/v2\/pages\/612","targetHints":{"allow":["GET"]}}],"collection":[{"href":"https:\/\/megamiatrading.com\/tr\/wp-json\/wp\/v2\/pages"}],"about":[{"href":"https:\/\/megamiatrading.com\/tr\/wp-json\/wp\/v2\/types\/page"}],"author":[{"embeddable":true,"href":"https:\/\/megamiatrading.com\/tr\/wp-json\/wp\/v2\/users\/1"}],"replies":[{"embeddable":true,"href":"https:\/\/megamiatrading.com\/tr\/wp-json\/wp\/v2\/comments?post=612"}],"version-history":[{"count":47,"href":"https:\/\/megamiatrading.com\/tr\/wp-json\/wp\/v2\/pages\/612\/revisions"}],"predecessor-version":[{"id":1182,"href":"https:\/\/megamiatrading.com\/tr\/wp-json\/wp\/v2\/pages\/612\/revisions\/1182"}],"wp:attachment":[{"href":"https:\/\/megamiatrading.com\/tr\/wp-json\/wp\/v2\/media?parent=612"}],"curies":[{"name":"wp","href":"https:\/\/api.w.org\/{rel}","templated":true}]}}