 {"id":608,"date":"2024-06-25T11:12:54","date_gmt":"2024-06-25T11:12:54","guid":{"rendered":"https:\/\/megamiatrading.com\/bakim\/"},"modified":"2024-09-23T12:01:00","modified_gmt":"2024-09-23T12:01:00","slug":"bakim","status":"publish","type":"page","link":"https:\/\/megamiatrading.com\/tr\/bakim\/","title":{"rendered":"BAKIM"},"content":{"rendered":"<p>[vc_section el_id=&#8221;salecontainer&#8221; el_class=&#8221;maint-pge&#8221;][vc_row el_class=&#8221;maintenancefirstsection&#8221;][vc_column width=&#8221;1\/2&#8243;][vc_single_image image=&#8221;562&#8243; img_size=&#8221;full&#8221; alignment=&#8221;right&#8221;][\/vc_column][vc_column width=&#8221;1\/2&#8243;][vc_column_text]<\/p>\n<div class=\"prop-cont\">\n<h3>Bak\u0131m<\/h3>\n<p>  Kapsaml\u0131 Bak\u0131m\u0131m\u0131z ile d\u0131\u015f mekanlar\u0131n\u0131z\u0131 bozulmam\u0131\u015f ve davetkar tutun. Profesyonel ekibimiz, m\u00fclk\u00fcn\u00fcz\u00fcn t\u00fcm y\u0131l boyunca en iyi durumda kalmas\u0131n\u0131 sa\u011flar:  <strong>  Bah\u00e7e Bak\u0131m\u0131:  <\/strong><\/p>\n<div class=\"pera-list\">\n<p><i class=\"fa fa-long-arrow-right\"><\/i>  D\u00fczenli \u00e7im bak\u0131m\u0131, budama ve budama.  <i class=\"fa fa-long-arrow-right\"><\/i>  Mevsimlik dikim ve \u00e7i\u00e7eklik bak\u0131m\u0131.  <i class=\"fa fa-long-arrow-right\"><\/i>  Yabanc\u0131 ot kontrol\u00fc, g\u00fcbreleme ve ha\u015fere y\u00f6netimi.  <i class=\"fa fa-long-arrow-right\"><\/i>  Sulama sistemi kurulumu ve bak\u0131m\u0131.  <i class=\"fa fa-long-arrow-right\"><\/i>  Peyzaj tasar\u0131m\u0131 iyile\u015ftirmeleri ve bah\u00e7e temizlikleri.  <\/div>\n<p><strong>Y\u00fczme Havuzu Bak\u0131m\u0131:  <\/strong><\/p>\n<div class=\"pera-list\">\n<p><i class=\"fa fa-long-arrow-right\"><\/i>  Rutin temizlik ve enkaz kald\u0131rma.  <i class=\"fa fa-long-arrow-right\"><\/i>  Su kalitesi testi ve kimyasal dengeleme.  <i class=\"fa fa-long-arrow-right\"><\/i>  Havuz ekipman\u0131 denetimi ve onar\u0131m\u0131.  <i class=\"fa fa-long-arrow-right\"><\/i>  Yosun \u00f6nleme ve tedavisi.  <i class=\"fa fa-long-arrow-right\"><\/i>  Sezonluk a\u00e7\u0131l\u0131\u015f ve kapan\u0131\u015f hizmetleri.  <\/div>\n<p>&nbsp;<\/p>\n<\/div>\n<p>[\/vc_column_text][\/vc_column][vc_column css=&#8221;.vc_custom_1719314532818{margin-top: -50px !important;}&#8221;][vc_column_text el_class=&#8221;main-p&#8221;]G\u00fcvenilir ve verimli hizmetlerimizle, g\u00fczel bah\u00e7elerin ve kristal berrakl\u0131\u011f\u0131ndaki havuzlar\u0131n keyfini zahmetsizce \u00e7\u0131karabilirsiniz. Bak\u0131m paketlerimizi ke\u015ffedin ve ihtiya\u00e7lar\u0131n\u0131za uygun bir plan\u0131 \u00f6zelle\u015ftirmek i\u00e7in bizimle ileti\u015fime ge\u00e7erek d\u0131\u015f mekanlar\u0131n\u0131z\u0131n her zaman dinlenmeye ve e\u011flenmeye haz\u0131r olmas\u0131n\u0131 sa\u011flay\u0131n.[\/vc_column_text][\/vc_column][\/vc_row][vc_row css=&#8221;.vc_custom_1719313845975{margin-top: 50px !important;}&#8221;][vc_column][vc_column_text]<\/p>\n<div class=\"prop-cont\">\n<h3 style=\"text-align: center;\">\u0130leti\u015fim Formu<\/h3>\n<p style=\"text-align: center;\">M\u00fclk\u00fcn\u00fcz\u00fc se\u00e7menize ve di\u011fer sorular\u0131n\u0131za yard\u0131mc\u0131 oluyoruz.<\/p>\n<\/div>\n<p>[\/vc_column_text][\/vc_column][\/vc_row][vc_row el_class=&#8221;maintenancecontact&#8221;][vc_column width=&#8221;1\/4&#8243; el_class=&#8221;maintain-cont-form1&#8243;][\/vc_column][vc_column width=&#8221;1\/2&#8243;]\n<div class=\"wpcf7 no-js\" id=\"wpcf7-f636-o1\" lang=\"tr-TR\" dir=\"ltr\" data-wpcf7-id=\"636\">\n<div class=\"screen-reader-response\"><p role=\"status\" aria-live=\"polite\" aria-atomic=\"true\"><\/p> <ul><\/ul><\/div>\n<form action=\"\/tr\/wp-json\/wp\/v2\/pages\/608#wpcf7-f636-o1\" method=\"post\" class=\"wpcf7-form init\" aria-label=\"\u0130leti\u015fim Formu\" novalidate=\"novalidate\" data-status=\"init\">\n<fieldset class=\"hidden-fields-container\"><input type=\"hidden\" name=\"_wpcf7\" value=\"636\" \/><input type=\"hidden\" name=\"_wpcf7_version\" value=\"6.1.5\" \/><input type=\"hidden\" name=\"_wpcf7_locale\" value=\"tr_TR\" \/><input type=\"hidden\" name=\"_wpcf7_unit_tag\" value=\"wpcf7-f636-o1\" \/><input type=\"hidden\" name=\"_wpcf7_container_post\" value=\"0\" \/><input type=\"hidden\" name=\"_wpcf7_posted_data_hash\" value=\"\" \/>\n<\/fieldset>\n<div>\n\t<div class=\"row\">\n\t\t<div class=\"col-lg-6 col-md-12 col-sm-12 col-xs-12\">\n\t\t\t<div class=\"form-group name\">\n\t\t\t\t<p><span class=\"wpcf7-form-control-wrap\" data-name=\"text-439\"><input size=\"40\" maxlength=\"400\" class=\"wpcf7-form-control wpcf7-text wpcf7-validates-as-required form-control\" aria-required=\"true\" aria-invalid=\"false\" placeholder=\"Ad\" value=\"\" type=\"text\" name=\"text-439\" \/><\/span>\n\t\t\t\t<\/p>\n\t\t\t<\/div>\n\t\t<\/div>\n\t\t<div class=\"col-lg-6 col-md-12 col-sm-12 col-xs-12\">\n\t\t\t<div class=\"form-group email\">\n\t\t\t\t<p><span class=\"wpcf7-form-control-wrap\" data-name=\"email-628\"><input size=\"40\" maxlength=\"400\" class=\"wpcf7-form-control wpcf7-email wpcf7-validates-as-required wpcf7-text wpcf7-validates-as-email form-control\" aria-required=\"true\" aria-invalid=\"false\" placeholder=\"E-posta\" value=\"\" type=\"email\" name=\"email-628\" \/><\/span>\n\t\t\t\t<\/p>\n\t\t\t<\/div>\n\t\t<\/div>\n\t\t<div class=\"col-lg-6 col-md-12 col-sm-12 col-xs-12\">\n\t\t\t<div class=\"form-group number\">\n\t\t\t\t<p><span class=\"wpcf7-form-control-wrap\" data-name=\"text-431\"><input size=\"40\" maxlength=\"400\" class=\"wpcf7-form-control wpcf7-text wpcf7-validates-as-required form-control\" aria-required=\"true\" aria-invalid=\"false\" placeholder=\"\u00dclke Kodu\" value=\"\" type=\"text\" name=\"text-431\" \/><\/span>\n\t\t\t\t<\/p>\n\t\t\t<\/div>\n\t\t<\/div>\n\t\t<div class=\"col-lg-6 col-md-12 col-sm-12 col-xs-12\">\n\t\t\t<div class=\"form-group subject\">\n\t\t\t\t<p><span class=\"wpcf7-form-control-wrap\" data-name=\"tel-925\"><input size=\"40\" maxlength=\"400\" class=\"wpcf7-form-control wpcf7-tel wpcf7-validates-as-required wpcf7-text wpcf7-validates-as-tel form-control\" aria-required=\"true\" aria-invalid=\"false\" placeholder=\"Telefon No\" value=\"\" type=\"tel\" name=\"tel-925\" \/><\/span>\n\t\t\t\t<\/p>\n\t\t\t<\/div>\n\t\t<\/div>\n\t\t<div class=\"col-lg-12 col-md-12 col-sm-12 col-xs-12\">\n\t\t\t<div class=\"form-group message\">\n\t\t\t\t<p><span class=\"wpcf7-form-control-wrap\" data-name=\"textarea-578\"><textarea cols=\"40\" rows=\"10\" maxlength=\"2000\" class=\"wpcf7-form-control wpcf7-textarea wpcf7-validates-as-required form-control\" aria-required=\"true\" aria-invalid=\"false\" placeholder=\"Bir Mesaj Yaz\u0131n\" name=\"textarea-578\"><\/textarea><\/span>\n\t\t\t\t<\/p>\n\t\t\t<\/div>\n\t\t<\/div>\n\t\t<div class=\"col-lg-6 col-md-12 col-sm-12 col-xs-12\">\n\t\t\t<div class=\"send-btn\">\n\t\t\t\t<p><input class=\"wpcf7-form-control wpcf7-submit has-spinner btn btn-md button-theme\" type=\"submit\" value=\"G\u00f6nder\" \/>\n\t\t\t\t<\/p>\n\t\t\t<\/div>\n\t\t<\/div>\n\t<\/div>\n<\/div><div class=\"wpcf7-response-output\" aria-hidden=\"true\"><\/div>\n<\/form>\n<\/div>\n[\/vc_column][vc_column width=&#8221;1\/4&#8243;][\/vc_column][\/vc_row][\/vc_section]<\/p>\n","protected":false},"excerpt":{"rendered":"<p>[vc_section el_id=&#8221;salecontainer&#8221; el_class=&#8221;maint-pge&#8221;][vc_row el_class=&#8221;maintenancefirstsection&#8221;][vc_column width=&#8221;1\/2&#8243;][vc_single_image image=&#8221;562&#8243; img_size=&#8221;full&#8221; alignment=&#8221;right&#8221;][\/vc_column][vc_column width=&#8221;1\/2&#8243;][vc_column_text] Bak\u0131m Kapsaml\u0131 Bak\u0131m\u0131m\u0131z ile d\u0131\u015f mekanlar\u0131n\u0131z\u0131 bozulmam\u0131\u015f ve davetkar tutun. Profesyonel ekibimiz, m\u00fclk\u00fcn\u00fcz\u00fcn t\u00fcm y\u0131l boyunca en iyi durumda kalmas\u0131n\u0131 sa\u011flar: Bah\u00e7e Bak\u0131m\u0131: D\u00fczenli \u00e7im bak\u0131m\u0131, budama ve budama. Mevsimlik dikim ve \u00e7i\u00e7eklik bak\u0131m\u0131. Yabanc\u0131 ot kontrol\u00fc, g\u00fcbreleme ve ha\u015fere y\u00f6netimi. Sulama sistemi kurulumu ve bak\u0131m\u0131.&hellip; <a class=\"more-link\" href=\"https:\/\/megamiatrading.com\/tr\/bakim\/\">Okumaya devam et <span class=\"screen-reader-text\">BAKIM<\/span><\/a><\/p>\n","protected":false},"author":1,"featured_media":0,"parent":0,"menu_order":0,"comment_status":"closed","ping_status":"closed","template":"maintenance.php","meta":{"_acf_changed":false,"footnotes":""},"class_list":["post-608","page","type-page","status-publish","hentry","entry"],"acf":[],"_links":{"self":[{"href":"https:\/\/megamiatrading.com\/tr\/wp-json\/wp\/v2\/pages\/608","targetHints":{"allow":["GET"]}}],"collection":[{"href":"https:\/\/megamiatrading.com\/tr\/wp-json\/wp\/v2\/pages"}],"about":[{"href":"https:\/\/megamiatrading.com\/tr\/wp-json\/wp\/v2\/types\/page"}],"author":[{"embeddable":true,"href":"https:\/\/megamiatrading.com\/tr\/wp-json\/wp\/v2\/users\/1"}],"replies":[{"embeddable":true,"href":"https:\/\/megamiatrading.com\/tr\/wp-json\/wp\/v2\/comments?post=608"}],"version-history":[{"count":129,"href":"https:\/\/megamiatrading.com\/tr\/wp-json\/wp\/v2\/pages\/608\/revisions"}],"predecessor-version":[{"id":1180,"href":"https:\/\/megamiatrading.com\/tr\/wp-json\/wp\/v2\/pages\/608\/revisions\/1180"}],"wp:attachment":[{"href":"https:\/\/megamiatrading.com\/tr\/wp-json\/wp\/v2\/media?parent=608"}],"curies":[{"name":"wp","href":"https:\/\/api.w.org\/{rel}","templated":true}]}}