 {"id":594,"date":"2024-06-25T07:29:10","date_gmt":"2024-06-25T07:29:10","guid":{"rendered":"https:\/\/megamiatrading.com\/bize-ulasin\/"},"modified":"2024-11-04T11:11:31","modified_gmt":"2024-11-04T11:11:31","slug":"bize-ulasin","status":"publish","type":"page","link":"https:\/\/megamiatrading.com\/tr\/bize-ulasin\/","title":{"rendered":"B\u0130ZE ULA\u015eIN"},"content":{"rendered":"<p>[vc_row css=&#8221;.vc_custom_1721633251950{margin-top: 50px !important;margin-right: 15px !important;margin-left: 15px !important;}&#8221;][vc_column width=&#8221;5\/12&#8243;][\/vc_column][vc_column width=&#8221;7\/12&#8243;][\/vc_column][\/vc_row][vc_row el_class=&#8221;contact-page&#8221; css=&#8221;.vc_custom_1721633266426{margin-top: 50px !important;margin-right: 15px !important;margin-bottom: 50px !important;margin-left: 15px !important;}&#8221;][vc_column width=&#8221;5\/12&#8243;][vc_column_text el_class=&#8221;get-text&#8221;]<\/p>\n<h3 class=\"heading get-txt1\" style=\"text-align: center;\">\u0130leti\u015fime Ge\u00e7in<\/h3>\n<p>[\/vc_column_text][vc_row_inner][vc_column_inner width=&#8221;5\/12&#8243;][vc_single_image image=&#8221;558&#8243; img_size=&#8221;full&#8221; alignment=&#8221;right&#8221;][\/vc_column_inner][vc_column_inner width=&#8221;7\/12&#8243;][vc_column_text]<\/p>\n<div class=\"media\">\n<div class=\"media-body\">\n<h5 class=\"mt-0\">Telefon:<\/h5>\n<p><a href=\"tel:+905391081084\">+90 539 108 10 84<\/a><\/p>\n<p><a href=\"tel:+905338400180\">+90 533 840 01 80<\/a><\/div>\n<\/div>\n<p>[\/vc_column_text][\/vc_column_inner][\/vc_row_inner][vc_row_inner css=&#8221;.vc_custom_1719301747685{margin-top: 30px !important;}&#8221;][vc_column_inner width=&#8221;5\/12&#8243;][vc_single_image image=&#8221;557&#8243; img_size=&#8221;full&#8221; alignment=&#8221;right&#8221;][\/vc_column_inner][vc_column_inner width=&#8221;7\/12&#8243;][vc_column_text]<\/p>\n<div class=\"media\">\n<div class=\"media-body\">\n<h5 class=\"mt-0\">E-posta:<\/h5>\n<p><a href=\"mailto:sales-advisor@megamiatrading.com\">sales-advisor@megamiatrading.com<\/a><\/p>\n<p><a href=\"mailto:sales@megamiatrading.com\">sales@megamiatrading.com<\/a><\/div>\n<\/div>\n<p>[\/vc_column_text][\/vc_column_inner][\/vc_row_inner][vc_row_inner css=&#8221;.vc_custom_1719301785972{margin-top: 30px !important;}&#8221;][vc_column_inner width=&#8221;5\/12&#8243;][vc_single_image image=&#8221;556&#8243; img_size=&#8221;full&#8221; alignment=&#8221;right&#8221;][\/vc_column_inner][vc_column_inner width=&#8221;7\/12&#8243;][vc_column_text]<\/p>\n<div class=\"media\">\n<div class=\"media-body\">\n<h5 class=\"mt-0\">Adres:<\/h5>\n<p><a href=\"https:\/\/maps.google.com\/maps?q=35.34946823120117%2C33.21995162963867&amp;z=17&amp;hl=ru\" target=\"_blank\" rel=\"noopener\">Megamia Trading and Investment Ltd Karao\u011flano\u011flu caddesi No:3 Alsancak\/Girne, KKTC<\/a><\/div>\n<\/div>\n<p>[\/vc_column_text][\/vc_column_inner][\/vc_row_inner][\/vc_column][vc_column width=&#8221;7\/12&#8243;][vc_column_text]<\/p>\n<h3 class=\"heading\">\u0130leti\u015fim Formu<\/h3>\n<p>[\/vc_column_text]\n<div class=\"wpcf7 no-js\" id=\"wpcf7-f636-o1\" lang=\"tr-TR\" dir=\"ltr\" data-wpcf7-id=\"636\">\n<div class=\"screen-reader-response\"><p role=\"status\" aria-live=\"polite\" aria-atomic=\"true\"><\/p> <ul><\/ul><\/div>\n<form action=\"\/tr\/wp-json\/wp\/v2\/pages\/594#wpcf7-f636-o1\" method=\"post\" class=\"wpcf7-form init\" aria-label=\"\u0130leti\u015fim Formu\" novalidate=\"novalidate\" data-status=\"init\">\n<fieldset class=\"hidden-fields-container\"><input type=\"hidden\" name=\"_wpcf7\" value=\"636\" \/><input type=\"hidden\" name=\"_wpcf7_version\" value=\"6.1.5\" \/><input type=\"hidden\" name=\"_wpcf7_locale\" value=\"tr_TR\" \/><input type=\"hidden\" name=\"_wpcf7_unit_tag\" value=\"wpcf7-f636-o1\" \/><input type=\"hidden\" name=\"_wpcf7_container_post\" value=\"0\" \/><input type=\"hidden\" name=\"_wpcf7_posted_data_hash\" value=\"\" \/>\n<\/fieldset>\n<div>\n\t<div class=\"row\">\n\t\t<div class=\"col-lg-6 col-md-12 col-sm-12 col-xs-12\">\n\t\t\t<div class=\"form-group name\">\n\t\t\t\t<p><span class=\"wpcf7-form-control-wrap\" data-name=\"text-439\"><input size=\"40\" maxlength=\"400\" class=\"wpcf7-form-control wpcf7-text wpcf7-validates-as-required form-control\" aria-required=\"true\" aria-invalid=\"false\" placeholder=\"Ad\" value=\"\" type=\"text\" name=\"text-439\" \/><\/span>\n\t\t\t\t<\/p>\n\t\t\t<\/div>\n\t\t<\/div>\n\t\t<div class=\"col-lg-6 col-md-12 col-sm-12 col-xs-12\">\n\t\t\t<div class=\"form-group email\">\n\t\t\t\t<p><span class=\"wpcf7-form-control-wrap\" data-name=\"email-628\"><input size=\"40\" maxlength=\"400\" class=\"wpcf7-form-control wpcf7-email wpcf7-validates-as-required wpcf7-text wpcf7-validates-as-email form-control\" aria-required=\"true\" aria-invalid=\"false\" placeholder=\"E-posta\" value=\"\" type=\"email\" name=\"email-628\" \/><\/span>\n\t\t\t\t<\/p>\n\t\t\t<\/div>\n\t\t<\/div>\n\t\t<div class=\"col-lg-6 col-md-12 col-sm-12 col-xs-12\">\n\t\t\t<div class=\"form-group number\">\n\t\t\t\t<p><span class=\"wpcf7-form-control-wrap\" data-name=\"text-431\"><input size=\"40\" maxlength=\"400\" class=\"wpcf7-form-control wpcf7-text wpcf7-validates-as-required form-control\" aria-required=\"true\" aria-invalid=\"false\" placeholder=\"\u00dclke Kodu\" value=\"\" type=\"text\" name=\"text-431\" \/><\/span>\n\t\t\t\t<\/p>\n\t\t\t<\/div>\n\t\t<\/div>\n\t\t<div class=\"col-lg-6 col-md-12 col-sm-12 col-xs-12\">\n\t\t\t<div class=\"form-group subject\">\n\t\t\t\t<p><span class=\"wpcf7-form-control-wrap\" data-name=\"tel-925\"><input size=\"40\" maxlength=\"400\" class=\"wpcf7-form-control wpcf7-tel wpcf7-validates-as-required wpcf7-text wpcf7-validates-as-tel form-control\" aria-required=\"true\" aria-invalid=\"false\" placeholder=\"Telefon No\" value=\"\" type=\"tel\" name=\"tel-925\" \/><\/span>\n\t\t\t\t<\/p>\n\t\t\t<\/div>\n\t\t<\/div>\n\t\t<div class=\"col-lg-12 col-md-12 col-sm-12 col-xs-12\">\n\t\t\t<div class=\"form-group message\">\n\t\t\t\t<p><span class=\"wpcf7-form-control-wrap\" data-name=\"textarea-578\"><textarea cols=\"40\" rows=\"10\" maxlength=\"2000\" class=\"wpcf7-form-control wpcf7-textarea wpcf7-validates-as-required form-control\" aria-required=\"true\" aria-invalid=\"false\" placeholder=\"Bir Mesaj Yaz\u0131n\" name=\"textarea-578\"><\/textarea><\/span>\n\t\t\t\t<\/p>\n\t\t\t<\/div>\n\t\t<\/div>\n\t\t<div class=\"col-lg-6 col-md-12 col-sm-12 col-xs-12\">\n\t\t\t<div class=\"send-btn\">\n\t\t\t\t<p><input class=\"wpcf7-form-control wpcf7-submit has-spinner btn btn-md button-theme\" type=\"submit\" value=\"G\u00f6nder\" \/>\n\t\t\t\t<\/p>\n\t\t\t<\/div>\n\t\t<\/div>\n\t<\/div>\n<\/div><div class=\"wpcf7-response-output\" aria-hidden=\"true\"><\/div>\n<\/form>\n<\/div>\n[\/vc_column][\/vc_row][vc_row][vc_column][vc_gmaps link=&#8221;#E-8_JTNDaWZyYW1lJTIwc3JjJTNEJTIyaHR0cHMlM0ElMkYlMkZ3d3cuZ29vZ2xlLmNvbSUyRm1hcHMlMkZlbWJlZCUzRnBiJTNEJTIxMW0xNyUyMTFtMTIlMjExbTMlMjExZDMyNTQuMjUyMTU3Njk5NTgyMyUyMTJkMzMuMjE3MjI0MDc1NzczMDclMjEzZDM1LjM0OTM4Nzk3MjY5NjE0JTIxMm0zJTIxMWYwJTIxMmYwJTIxM2YwJTIxM20yJTIxMWkxMDI0JTIxMmk3NjglMjE0ZjEzLjElMjEzbTIlMjExbTElMjEyek16WENzREl3SnpVM0xqZ2lUaUF6TThLd01UTW5NVEV1TXlKRiUyMTVlMCUyMTNtMiUyMTFzZW4lMjEyc2luJTIxNHYxNzMwNzE4MzY2OTc1JTIxNW0yJTIxMXNlbiUyMTJzaW4lMjIlMjB3aWR0aCUzRCUyMjYwMCUyMiUyMGhlaWdodCUzRCUyMjQ1MCUyMiUyMHN0eWxlJTNEJTIyYm9yZGVyJTNBMCUzQiUyMiUyMGFsbG93ZnVsbHNjcmVlbiUzRCUyMiUyMiUyMGxvYWRpbmclM0QlMjJsYXp5JTIyJTIwcmVmZXJyZXJwb2xpY3klM0QlMjJuby1yZWZlcnJlci13aGVuLWRvd25ncmFkZSUyMiUzRSUzQyUyRmlmcmFtZSUzRQ==&#8221;][\/vc_column][\/vc_row]<\/p>\n","protected":false},"excerpt":{"rendered":"<p>[vc_row css=&#8221;.vc_custom_1721633251950{margin-top: 50px !important;margin-right: 15px !important;margin-left: 15px !important;}&#8221;][vc_column width=&#8221;5\/12&#8243;][\/vc_column][vc_column width=&#8221;7\/12&#8243;][\/vc_column][\/vc_row][vc_row el_class=&#8221;contact-page&#8221; css=&#8221;.vc_custom_1721633266426{margin-top: 50px !important;margin-right: 15px !important;margin-bottom: 50px !important;margin-left: 15px !important;}&#8221;][vc_column width=&#8221;5\/12&#8243;][vc_column_text el_class=&#8221;get-text&#8221;] \u0130leti\u015fime Ge\u00e7in [\/vc_column_text][vc_row_inner][vc_column_inner width=&#8221;5\/12&#8243;][vc_single_image image=&#8221;558&#8243; img_size=&#8221;full&#8221; alignment=&#8221;right&#8221;][\/vc_column_inner][vc_column_inner width=&#8221;7\/12&#8243;][vc_column_text] Telefon: +90 539 108 10 84 +90 533 840 01 80 [\/vc_column_text][\/vc_column_inner][\/vc_row_inner][vc_row_inner css=&#8221;.vc_custom_1719301747685{margin-top: 30px !important;}&#8221;][vc_column_inner width=&#8221;5\/12&#8243;][vc_single_image image=&#8221;557&#8243; img_size=&#8221;full&#8221; alignment=&#8221;right&#8221;][\/vc_column_inner][vc_column_inner width=&#8221;7\/12&#8243;][vc_column_text] E-posta: sales-advisor@megamiatrading.com sales@megamiatrading.com [\/vc_column_text][\/vc_column_inner][\/vc_row_inner][vc_row_inner css=&#8221;.vc_custom_1719301785972{margin-top:&hellip; <a class=\"more-link\" href=\"https:\/\/megamiatrading.com\/tr\/bize-ulasin\/\">Okumaya devam et <span class=\"screen-reader-text\">B\u0130ZE ULA\u015eIN<\/span><\/a><\/p>\n","protected":false},"author":1,"featured_media":0,"parent":0,"menu_order":0,"comment_status":"closed","ping_status":"closed","template":"contact.php","meta":{"_acf_changed":false,"footnotes":""},"class_list":["post-594","page","type-page","status-publish","hentry","entry"],"acf":[],"_links":{"self":[{"href":"https:\/\/megamiatrading.com\/tr\/wp-json\/wp\/v2\/pages\/594","targetHints":{"allow":["GET"]}}],"collection":[{"href":"https:\/\/megamiatrading.com\/tr\/wp-json\/wp\/v2\/pages"}],"about":[{"href":"https:\/\/megamiatrading.com\/tr\/wp-json\/wp\/v2\/types\/page"}],"author":[{"embeddable":true,"href":"https:\/\/megamiatrading.com\/tr\/wp-json\/wp\/v2\/users\/1"}],"replies":[{"embeddable":true,"href":"https:\/\/megamiatrading.com\/tr\/wp-json\/wp\/v2\/comments?post=594"}],"version-history":[{"count":50,"href":"https:\/\/megamiatrading.com\/tr\/wp-json\/wp\/v2\/pages\/594\/revisions"}],"predecessor-version":[{"id":1228,"href":"https:\/\/megamiatrading.com\/tr\/wp-json\/wp\/v2\/pages\/594\/revisions\/1228"}],"wp:attachment":[{"href":"https:\/\/megamiatrading.com\/tr\/wp-json\/wp\/v2\/media?parent=594"}],"curies":[{"name":"wp","href":"https:\/\/api.w.org\/{rel}","templated":true}]}}