 {"id":587,"date":"2024-06-27T05:52:36","date_gmt":"2024-06-27T05:52:36","guid":{"rendered":"https:\/\/megamiatrading.com\/kiralik\/"},"modified":"2024-11-04T07:37:15","modified_gmt":"2024-11-04T07:37:15","slug":"kiralik","status":"publish","type":"page","link":"https:\/\/megamiatrading.com\/tr\/kiralik\/","title":{"rendered":"K\u0130RALIK"},"content":{"rendered":"<p>[vc_row full_width=&#8221;stretch_row&#8221; el_class=&#8221;for-rent-page&#8221; css=&#8221;.vc_custom_1730705271268{border-right-width: 0px !important;padding-top: 0px !important;padding-bottom: 0px !important;padding-left: 0px !important;}&#8221; el_id=&#8221;rentpageform&#8221;][vc_column][\/vc_column][\/vc_row][vc_row el_id=&#8221;salecontainer&#8221;][vc_column]<div class=\"ere-property-wrap\">\n    <div class=\"ere-property clearfix property-grid \" >\n                            <div class=\"property-content col-gap-30 clearfix columns-3 columns-md-3 columns-sm-2 columns-xs-1 columns-mb-1\">\n                                \n<div class=\"ere-item-wrap property-item mg-bottom-30\">\n\n\t<div class=\"property-inner\">\n\n\t\t<div class=\"property-image\">\n\n\t\t\t<img loading=\"lazy\" decoding=\"async\" width=\"330\"\n\n\t\t\t     height=\"180\"\n\n\t\t\t     src=\"https:\/\/megamiatrading.com\/wp-content\/uploads\/2024\/06\/properties-1-330x180.jpg\"\n\n\t\t\t     onerror=\"this.src = 'https:\/\/megamiatrading.com\/wp-content\/plugins\/essential-real-estate\/public\/assets\/images\/map-marker-icon.png';\" alt=\"Rahatlat\u0131c\u0131 Daire\"\n\n\t\t\t     title=\"Rahatlat\u0131c\u0131 Daire\">\n\n\t\t\t<div class=\"property-action block-center\">\n\n\t\t\t\t<div class=\"block-center-inner\">\n\n\t\t\t\t\t\n\t\t\t\t<\/div>\n\n\t\t\t\t<a class=\"property-link\" href=\"https:\/\/megamiatrading.com\/tr\/property\/rahatlatici-daire\/\"\n\n\t\t\t\t   title=\"Rahatlat\u0131c\u0131 Daire\"><\/a>\n\n\t\t\t<\/div>\n\n\t\t\t\n\t\t\t\t<div class=\"property-label property-featured\">\n\n\t\t\t\t\t\n\t\t\t\t\t\n\t\t\t\t\t\t\n\t\t\t\t\t\t\t\n\t\t\t\t\t\t\t<p class=\"label-item\">\n\n\t\t\t\t\t\t\t\t\t\t\t\t\t\t<span class=\"property-label-bg\"\n\n\t\t\t\t\t\t\t\t\t\t\t\t\t\t      style=\"background-color: #888\">Kiral\u0131k\n                                                            <span class=\"property-arrow\"\n\n                                                                  style=\"border-left-color: #888; border-right-color: #888\"><\/span>\n\n\t\t\t\t\t\t\t\t\t\t\t\t\t\t<\/span>\n\n\t\t\t\t\t\t\t<\/p>\n\n\t\t\t\t\t\t\n\t\t\t\t\t\n\t\t\t\t<\/div>\n\n\t\t\t\n\t\t\t\n\t\t\t\t<!---<div class=\"property-status\">\n\n\t\t\t\t\t\n\t\t\t\t\t\t\n\t\t\t\t\t\t<p class=\"status-item\">\n\n\t\t\t\t\t\t\t\t\t\t\t<span class=\"property-status-bg\"\n\n\t\t\t\t\t\t\t\t\t\t\t      style=\"background-color: #888\">Kiral\u0131k Emlak\n                                                <span class=\"property-arrow\"\n\n                                                      style=\"border-left-color: #888; border-right-color: #888\"><\/span>\n\n\t\t\t\t\t\t\t\t\t\t\t<\/span>\n\n\t\t\t\t\t\t<\/p>\n\n\t\t\t\t\t\n\t\t\t\t<\/div>--->\n\n\t\t\t\t\n\t\t\t\t\t<div class=\"property-price\">\n\n\t\t\t\t\t\t<span>Price on call<\/span>\n\n\t\t\t\t\t<\/div>\n\n\t\t\t\t\n\t\t\t\n\n\n\t\t<\/div>\n\n\t\t<div class=\"property-item-content\">\n\n\t\t\t<div class=\"property-headinghhjjjjyogeshkaushik\">\n\n\t\t\t\t<h2 class=\"property-title\"><a href=\"https:\/\/megamiatrading.com\/tr\/property\/rahatlatici-daire\/\"\n\n\t\t\t\t                              title=\"Rahatlat\u0131c\u0131 Daire\">Rahatlat\u0131c\u0131 Daire<\/a>\n\n\t\t\t\t<\/h2>\n\n\t\t\t<\/div>\n\n\t\t\t\n\t\t\t<div class=\"property-element-inline\">\n\n\t\t\t\t\n\t\t\t\t\t<div class=\"property-type-list\">\n\n\t\t\t\t\t\t<i class=\"fa fa-tag\"><\/i>\n\n\t\t\t\t\t\t\n\t\t\t\t\t\t\t<a href=\"https:\/\/megamiatrading.com\/tr\/property-type\/bungalov\/\"\n\n\t\t\t\t\t\t\t   title=\"Bungalov\"><span>Bungalov <\/span><\/a>\n\n\t\t\t\t\t\t\n\t\t\t\t\t\t\t<a href=\"https:\/\/megamiatrading.com\/tr\/property-type\/oda\/\"\n\n\t\t\t\t\t\t\t   title=\"Oda\"><span>Oda <\/span><\/a>\n\n\t\t\t\t\t\t\n\t\t\t\t\t\t\t<a href=\"https:\/\/megamiatrading.com\/tr\/property-type\/studyo\/\"\n\n\t\t\t\t\t\t\t   title=\"St\u00fcdyo\"><span>St\u00fcdyo <\/span><\/a>\n\n\t\t\t\t\t\t\n\t\t\t\t\t<\/div>\n\n\t\t\t\t\n\t\t\t\t\n\t\t\t\t<div\n\n\t\t\t\t\t\tclass=\"property-date\">\n\n\t\t\t\t\t<i class=\"fa fa-calendar\"><\/i>\n\n\t\t\t\t\t 2 y\u0131l ago\n\t\t\t\t<\/div>\n\n\t\t\t<\/div>\n\n\t\t\t\n\t\t\t\t<div class=\"property-excerpt\">\n\n\t\t\t\t\t<p>Lorem Ipsum, bask\u0131 ve dizgi end\u00fcstrisinin kukla metnidir. Lorem Ipsum, 1500&#8217;lerde bilinmeyen bir matbaac\u0131n\u0131n bir dizgi kal\u0131b\u0131n\u0131 al\u0131p bir dizgi \u00f6rne\u011fi kitab\u0131 yapmak i\u00e7in kar\u0131\u015ft\u0131rmas\u0131ndan bu yana sekt\u00f6r\u00fcn standart sahte metni olmu\u015ftur. Sadece be\u015f y\u00fczy\u0131l de\u011fil, ayn\u0131 zamanda elektronik dizgiye s\u0131\u00e7ramay\u0131 da atlatt\u0131 ve esasen de\u011fi\u015fmeden kald\u0131. 1960&#8217;larda Lorem Ipsum pasajlar\u0131 i\u00e7eren Letraset sayfalar\u0131n\u0131n piyasaya&hellip; &lt;a class=&quot;more-link&quot; href=&quot;https:\/\/megamiatrading.com\/tr\/property\/rahatlatici-daire\/&quot;&gt;Okumaya devam et &lt;span class=&quot;screen-reader-text&quot;&gt;Rahatlat\u0131c\u0131 Daire&lt;\/span&gt;&lt;\/a&gt;<\/p>\n\n\t\t\t\t<\/div>\n\n\t\t\t\n\t\t\t<div class=\"property-info\">\n\n\t\t\t\t<div class=\"property-info-inner\">\n\n\t\t\t\t\t\n\t\t\t\t\t\n\t\t\t\t\t\t<div class=\"property-bedrooms\">\n\n\t\t\t\t\t\t\t<div class=\"property-bedrooms-inner property-info-item-tooltip\"\n\n\t\t\t\t\t\t\t     title=\"4 Bedrooms\">\n\n\t\t\t\t\t\t\t\t<!--<span class=\"fa fa-hotel\"><\/span>-->\n<!-- \t\t\t\t\t\t\t\t<i class=\"flaticon-furniture\"><\/i> -->\n<i class=\"fas fa-couch\"><\/i>\n\t\t\t\t\t\t\t\t4\n\t\t\t\t\t\t\t<\/div>\n\n\t\t\t\t\t\t<\/div>\n\n\t\t\t\t\t\n\t\t\t\t\t\n\t\t\t\t\t\t<div class=\"property-bathrooms\">\n\n\t\t\t\t\t\t\t<div class=\"property-bathrooms-inner property-info-item-tooltip\" \n\n\t\t\t\t\t\t\t     title=\"1 Bathroom\">\n\n\t\t\t\t\t\t\t\t<!--<span class=\"fa fa-bath\"><\/span>-->\n\t\t\t\t\t\t\t\t\n                              \n\t\t\t\t\t\t\t\t<i class=\"fa fa-bath\" aria-hidden=\"true\"><\/i>\n\t\t\t\t\t\t\t1\n\t\t\t\t\t\t\t<\/div>\n\n\t\t\t\t\t\t<\/div>\n\n\t\t\t\t\t\n\t\t\t\t\t\n\t\t\t\t\t\t<div class=\"property-garage\">\n\n\t\t\t\t\t\t\t<div class=\"property-bathrooms-inner property-info-item-tooltip\" \n\n\t\t\t\t\t\t\t\ttitle=\"1 Garaj\">\n\n\t\t\t\t\t\t\t\t<!--<span class=\"fa fa-wrench\"><\/span>-->\n\t\t\t\t\t\t\t\t<i class=\"fa fa-car\"><\/i>\n\n\t\t\t\t\t\t\t\t1\n\t\t\t\t\t\t\t<\/div>\n\t\t\t\t\t\t<\/div>\n\n\t\t\t\t\t\n\t\t\t\t\t\n\t\t\t\t\t<div class=\"property-garage-size\">\n\n\t\t\t\t\t\t<div class=\"property-bathrooms-inner property-info-item-tooltip\" \n\n\t\t\t\t\t\t\ttitle=\"s Garaze Boyutu\">\n\n\t\t\t\t\t\t\t<!--<span class=\"fa fa-expand\"><\/span>-->\n<!-- \t\t\t\t\t\t\t<i class=\"fa fa-tree\"><\/i> -->\n\n<!-- \t\t\t\t\t\t\t<span class=\"\"><\/span> -->\n<img decoding=\"async\" src=\"https:\/\/megamiatrading.com\/tr\/\/wp-content\/uploads\/2024\/09\/imgpsh_fullsize_anim-40.png\" class=\"icontree\">\n    No\n\n\t\t\t\t\t\t<\/div>\n\t\t\t\t\t<\/div>\n\n\t\t\t\t\t\n\t\t\t\t\t\t\t\t\t\t\t\n                     \n\n\t\t\t\t<\/div>\n\n\t\t\t<\/div>\n\n\t\t<\/div>\n\n\t<\/div>\n\n<\/div>\n<style>\n\t.ere-property .property-item-content .property-info .property-info-inner {\n    width: 100%;\n    height: 70px !important;\n    line-height: 30px;\n    overflow: hidden;\n}\n\ti.fas.fa-couch {\n    color: #d3ae36;\n}\n\ti.fa.fa-calendar {\n color: #d3ae36;\n}\n\ti.fa.fa-bath {\n    color: #d1ad37;\n}\n\t<\/style>                                            <\/div>\n                        <\/div>\n<\/div>\n\n[\/vc_column][\/vc_row][vc_row][vc_column][\/vc_column][\/vc_row]<\/p>\n","protected":false},"excerpt":{"rendered":"<p>[vc_row full_width=&#8221;stretch_row&#8221; el_class=&#8221;for-rent-page&#8221; css=&#8221;.vc_custom_1730705271268{border-right-width: 0px !important;padding-top: 0px !important;padding-bottom: 0px !important;padding-left: 0px !important;}&#8221; el_id=&#8221;rentpageform&#8221;][vc_column][\/vc_column][\/vc_row][vc_row el_id=&#8221;salecontainer&#8221;][vc_column][\/vc_column][\/vc_row][vc_row][vc_column][\/vc_column][\/vc_row]<\/p>\n","protected":false},"author":1,"featured_media":0,"parent":0,"menu_order":0,"comment_status":"closed","ping_status":"closed","template":"","meta":{"_acf_changed":false,"footnotes":""},"class_list":["post-587","page","type-page","status-publish","hentry","entry"],"acf":[],"_links":{"self":[{"href":"https:\/\/megamiatrading.com\/tr\/wp-json\/wp\/v2\/pages\/587","targetHints":{"allow":["GET"]}}],"collection":[{"href":"https:\/\/megamiatrading.com\/tr\/wp-json\/wp\/v2\/pages"}],"about":[{"href":"https:\/\/megamiatrading.com\/tr\/wp-json\/wp\/v2\/types\/page"}],"author":[{"embeddable":true,"href":"https:\/\/megamiatrading.com\/tr\/wp-json\/wp\/v2\/users\/1"}],"replies":[{"embeddable":true,"href":"https:\/\/megamiatrading.com\/tr\/wp-json\/wp\/v2\/comments?post=587"}],"version-history":[{"count":9,"href":"https:\/\/megamiatrading.com\/tr\/wp-json\/wp\/v2\/pages\/587\/revisions"}],"predecessor-version":[{"id":1223,"href":"https:\/\/megamiatrading.com\/tr\/wp-json\/wp\/v2\/pages\/587\/revisions\/1223"}],"wp:attachment":[{"href":"https:\/\/megamiatrading.com\/tr\/wp-json\/wp\/v2\/media?parent=587"}],"curies":[{"name":"wp","href":"https:\/\/api.w.org\/{rel}","templated":true}]}}