 {"id":1203,"date":"2024-10-29T09:43:10","date_gmt":"2024-10-29T09:43:10","guid":{"rendered":"https:\/\/megamiatrading.com\/kibris-hakkinda\/"},"modified":"2024-10-29T10:08:45","modified_gmt":"2024-10-29T10:08:45","slug":"kibris-hakkinda","status":"publish","type":"page","link":"https:\/\/megamiatrading.com\/tr\/kibris-hakkinda\/","title":{"rendered":"K\u0131br\u0131s Hakk\u0131nda"},"content":{"rendered":"<p>\u0130\u015fte Kuzey K\u0131br\u0131s&#8217;\u0131 pop\u00fcler bir destinasyon haline getiren baz\u0131 \u00f6zel y\u00f6nler: G\u00fczel Plajlar: Kuzey K\u0131br\u0131s, kristal berrakl\u0131\u011f\u0131nda sular\u0131 olan \u00e7arp\u0131c\u0131 plajlara ev sahipli\u011fi yapar ve bu da buray\u0131 g\u00fcne\u015flenmek, y\u00fczmek ve su sporlar\u0131 i\u00e7in m\u00fckemmel bir yer haline getirir. Tarihi Yerler: B\u00f6lge, bir\u00e7ok antik kal\u0131nt\u0131, kale ve arkeolojik alan ile tarih a\u00e7\u0131s\u0131ndan zengindir. \u00d6nemli yerler aras\u0131nda Girne Kalesi, Bellapais Manast\u0131r\u0131 ve Salamis antik kenti bulunmaktad\u0131r. Manzaralar: Engebeli Girne s\u0131rada\u011flar\u0131ndan sakin Karpaz Yar\u0131madas\u0131&#8217;na kadar Kuzey K\u0131br\u0131s, do\u011fa severler ve y\u00fcr\u00fcy\u00fc\u015f\u00e7\u00fcler i\u00e7in \u00e7e\u015fitli pitoresk manzaralar sunmaktad\u0131r. Il\u0131man \u0130klim: Akdeniz iklimi y\u0131l\u0131n b\u00fcy\u00fck bir b\u00f6l\u00fcm\u00fcnde \u0131l\u0131k ve g\u00fcne\u015fli bir hava sa\u011flayarak buray\u0131 daha so\u011fuk iklimlerden ka\u00e7mak isteyenler i\u00e7in ideal bir yer haline getirmektedir. Mutfak: Kuzey K\u0131br\u0131s, Akdeniz ve Orta Do\u011fu lezzetlerini birle\u015ftiren lezzetli bir mutfa\u011fa sahiptir. Ziyaret\u00e7iler taze deniz \u00fcr\u00fcnlerinin, kebaplar\u0131n, mezelerin ve yerel tatl\u0131lar\u0131n tad\u0131n\u0131 \u00e7\u0131karabilirler. Ekonomi: Di\u011fer bir\u00e7ok Akdeniz destinasyonuyla kar\u015f\u0131la\u015ft\u0131r\u0131ld\u0131\u011f\u0131nda, Kuzey K\u0131br\u0131s nispeten ekonomiktir ve konaklama, yemek ve aktiviteler a\u00e7\u0131s\u0131ndan paran\u0131n kar\u015f\u0131l\u0131\u011f\u0131n\u0131 iyi bir \u015fekilde verir. Yerel halk: S\u0131cakkanl\u0131 insanlar misafirperverlikleri ve samimiyetleriyle tan\u0131n\u0131r ve ziyaret\u00e7ilerin kendilerini evlerinde hissetmelerini sa\u011flar. Bozulmam\u0131\u015f Cazibe: Daha ticarile\u015fmi\u015f baz\u0131 turistik yerlerin aksine, Kuzey K\u0131br\u0131s otantiklik duygusunu ve bozulmam\u0131\u015f cazibesini korumakta, daha rahat ve ger\u00e7ek bir seyahat deneyimi sunmaktad\u0131r. Bu fakt\u00f6rler, di\u011ferlerinin yan\u0131 s\u0131ra, Kuzey K\u0131br\u0131s&#8217;\u0131n cazibesine ve neden bu kadar \u00e7ok insan\u0131n orada ziyaret etmeyi veya ya\u015famay\u0131 sevdi\u011fine katk\u0131da bulunur.          <\/p>\n","protected":false},"excerpt":{"rendered":"<p>\u0130\u015fte Kuzey K\u0131br\u0131s&#8217;\u0131 pop\u00fcler bir destinasyon haline getiren baz\u0131 \u00f6zel y\u00f6nler: G\u00fczel Plajlar: Kuzey K\u0131br\u0131s, kristal berrakl\u0131\u011f\u0131nda sular\u0131 olan \u00e7arp\u0131c\u0131 plajlara ev sahipli\u011fi yapar ve bu da buray\u0131 g\u00fcne\u015flenmek, y\u00fczmek ve su sporlar\u0131 i\u00e7in m\u00fckemmel bir yer haline getirir. Tarihi Yerler: B\u00f6lge, bir\u00e7ok antik kal\u0131nt\u0131, kale ve arkeolojik alan ile tarih a\u00e7\u0131s\u0131ndan zengindir. \u00d6nemli yerler&hellip; <a class=\"more-link\" href=\"https:\/\/megamiatrading.com\/tr\/kibris-hakkinda\/\">Okumaya devam et <span class=\"screen-reader-text\">K\u0131br\u0131s Hakk\u0131nda<\/span><\/a><\/p>\n","protected":false},"author":1,"featured_media":1025,"parent":0,"menu_order":0,"comment_status":"closed","ping_status":"closed","template":"aboutcyrpus.php","meta":{"_acf_changed":false,"footnotes":""},"class_list":["post-1203","page","type-page","status-publish","has-post-thumbnail","hentry","entry"],"acf":[],"_links":{"self":[{"href":"https:\/\/megamiatrading.com\/tr\/wp-json\/wp\/v2\/pages\/1203","targetHints":{"allow":["GET"]}}],"collection":[{"href":"https:\/\/megamiatrading.com\/tr\/wp-json\/wp\/v2\/pages"}],"about":[{"href":"https:\/\/megamiatrading.com\/tr\/wp-json\/wp\/v2\/types\/page"}],"author":[{"embeddable":true,"href":"https:\/\/megamiatrading.com\/tr\/wp-json\/wp\/v2\/users\/1"}],"replies":[{"embeddable":true,"href":"https:\/\/megamiatrading.com\/tr\/wp-json\/wp\/v2\/comments?post=1203"}],"version-history":[{"count":2,"href":"https:\/\/megamiatrading.com\/tr\/wp-json\/wp\/v2\/pages\/1203\/revisions"}],"predecessor-version":[{"id":1209,"href":"https:\/\/megamiatrading.com\/tr\/wp-json\/wp\/v2\/pages\/1203\/revisions\/1209"}],"wp:featuredmedia":[{"embeddable":true,"href":"https:\/\/megamiatrading.com\/tr\/wp-json\/wp\/v2\/media\/1025"}],"wp:attachment":[{"href":"https:\/\/megamiatrading.com\/tr\/wp-json\/wp\/v2\/media?parent=1203"}],"curies":[{"name":"wp","href":"https:\/\/api.w.org\/{rel}","templated":true}]}}